{"id":7,"date":"2016-11-20T23:51:45","date_gmt":"2016-11-20T23:51:45","guid":{"rendered":"https:\/\/ninetheme.com\/themes\/meder\/?page_id=7"},"modified":"2024-06-26T07:27:14","modified_gmt":"2024-06-26T07:27:14","slug":"relius-pharma","status":"publish","type":"page","link":"https:\/\/reliuspharma.com\/","title":{"rendered":"Relius Pharma"},"content":{"rendered":"<section class=\"wpb-content-wrapper\"><p>[vc_row el_id=&#8221;home&#8221;][vc_column][vc_column_text el_class=&#8221;productos&#8221;]\n\t\t\t<!-- START homeslider 1 REVOLUTION SLIDER 6.5.10 --><p class=\"rs-p-wp-fix\"><\/p>\n\t\t\t<rs-module-wrap id=\"rev_slider_1_1_wrapper\" data-source=\"gallery\" style=\"visibility:hidden;background:transparent;padding:0;\">\n\t\t\t\t<rs-module id=\"rev_slider_1_1\" style=\"\" data-version=\"6.5.10\">\n\t\t\t\t\t<rs-slides>\n\t\t\t\t\t\t<rs-slide style=\"position: absolute;\" data-key=\"rs-1\" data-title=\"Slide\"data-sba=\"f:true;\" data-in=\"mo:80;moo:none;o:0;\" data-out=\"a:false;\" data-alttrans=\"curtain-2,slidingoverlayhorizontal\">\n\t\t\t\t\t\t\t<img loading=\"lazy\" decoding=\"async\" src=\"\/\/reliuspharma.com\/wp-content\/plugins\/revolution_slider\/public\/assets\/assets\/dummy.png\" alt=\"Relius-Home-Banner-1\" title=\"Relius-Home-Banner-1\" width=\"2560\" height=\"1621\" class=\"rev-slidebg tp-rs-img rs-lazyload\" data-lazyload=\"\/\/www.reliuspharma.com\/wp-content\/uploads\/2023\/06\/Relius-Home-Banner-1.jpg\" data-bg=\"p:0% 0%;\" data-parallax=\"3\" data-panzoom=\"d:10000;ss:100%;se:110%;\" data-no-retina>\n<!--\n\t\t\t\t\t\t\t--><rs-layer\n\t\t\t\t\t\t\t\tid=\"slider-1-slide-1-layer-1\" \n\t\t\t\t\t\t\t\tdata-type=\"text\"\n\t\t\t\t\t\t\t\tdata-color=\"#2d0900\"\n\t\t\t\t\t\t\t\tdata-xy=\"x:c;xo:-155px,-128px,-97px,-59px;y:m;yo:23px,18px,13px,8px;\"\n\t\t\t\t\t\t\t\tdata-text=\"s:35,28,21,12;l:50,41,31,19;fw:900;\"\n\t\t\t\t\t\t\t\tdata-dim=\"minh:0px,none,none,none;\"\n\t\t\t\t\t\t\t\tdata-rsp_o=\"off\"\n\t\t\t\t\t\t\t\tdata-rsp_bd=\"off\"\n\t\t\t\t\t\t\t\tdata-frame_0=\"o:1;\"\n\t\t\t\t\t\t\t\tdata-frame_0_chars=\"d:10;o:0;\"\n\t\t\t\t\t\t\t\tdata-frame_1=\"x:-81px,-66px,-50px,-30px;y:-4px,-3px,-2px,-1px;e:power4.inOut;st:500;sp:100;sR:500;\"\n\t\t\t\t\t\t\t\tdata-frame_1_chars=\"d:10;\"\n\t\t\t\t\t\t\t\tdata-frame_999=\"o:0;e:nothing;st:w;sR:1900;\"\n\t\t\t\t\t\t\t\tstyle=\"z-index:9;font-family:'Roboto';text-transform:uppercase;\"\n\t\t\t\t\t\t\t>Pioneros en la ciencia de la curaci\u00f3n <br>\na trav\u00e9s de medicamentos \n\t\t\t\t\t\t\t<\/rs-layer><!--\n-->\t\t\t\t\t\t<\/rs-slide>\n\t\t\t\t\t<\/rs-slides>\n\t\t\t\t<\/rs-module>\n\t\t\t\t<script type=\"text\/javascript\">\n\t\t\t\t\tsetREVStartSize({c: 'rev_slider_1_1',rl:[1240,1024,778,480],el:[868,768,960,720],gw:[1240,1024,778,480],gh:[868,768,960,720],type:'standard',justify:'',layout:'fullscreen',offsetContainer:'',offset:'',mh:\"0\"});if (window.RS_MODULES!==undefined && window.RS_MODULES.modules!==undefined && window.RS_MODULES.modules[\"revslider11\"]!==undefined) {window.RS_MODULES.modules[\"revslider11\"].once = false;window.revapi1 = undefined;if (window.RS_MODULES.checkMinimal!==undefined) window.RS_MODULES.checkMinimal()}\n\t\t\t\t<\/script>\n\t\t\t<\/rs-module-wrap>\n\t\t\t<!-- END REVOLUTION SLIDER -->\n[\/vc_column_text][\/vc_column][\/vc_row][vc_row][vc_column]<section id=\"about\" class=\"about\"><div class=\"container\"><div class=\"col-lg-12 text-center title-padding\"><h2 class=\"section-heading\">SOBRE RELIUS PHARMA SRL<\/h2><hr class=\"short\">\n\t\t\t\t\t<hr class=\"long\">\n\t\t\t\t\t<hr class=\"short\"><\/div><div class=\"col-md-12\"><\/div><div class=\"col-md-6\"><img decoding=\"async\" class=\"about-image\"  src=\"https:\/\/reliuspharma.com\/wp-content\/uploads\/2023\/06\/scientist-is-using-microscope-analytical-laboratory-1-copy.jpeg\" style=\"width: 100%; height: auto;\" \/><\/div><div class=\"col-md-6 about-right\"><p class=\"about-text\">En Relius, estamos comprometidos a proporcionar productos farmac\u00e9uticos de alta calidad a clientes de todo el mundo. Somos una empresa l\u00edder en marketing y distribuci\u00f3n dedicada a satisfacer las necesidades de atenci\u00f3n m\u00e9dica de las masas.<\/p>\n<p>Con 3 sitios de fabricaci\u00f3n y m\u00e1s de 100 registros en Bolivia, creemos en brindar ``productos para el cuidado de la salud seguros, efectivos y accesibles para todos``, independientemente de su ubicaci\u00f3n. Nos esforzamos por diversificar nuestra cartera en varias \u00e1reas terap\u00e9uticas con gen\u00e9ricos complejos, s\u00f3lidos orales, inyectables, suspensiones orales y mol\u00e9culas de nicho para aumentar nuestra huella en la vida de la humanidad.<\/p>\n<p>Relius Pharma SRL tiene el compromiso de brindar un servicio excepcional y crear compromisos s\u00f3lidos con los clientes. Respaldado por un equipo de profesionales experimentados y expertos que se dedican a brindar excelencia. Tenemos estrictas medidas de control de calidad para garantizar que todos nuestros productos cumplan con los m\u00e1s altos est\u00e1ndares de seguridad y eficacia.<\/p><ul class=\"feature-list\"><\/ul><\/div><\/div><\/section>[\/vc_column][\/vc_row][vc_row][vc_column]<section id=\"parallax\" class=\"action vc_custom_1686312036461\" data-stellar-background-ratio=\"0.5\"><div class=\"action-overlay\"><\/div><div class=\"container\"><div class=\"col-md-12 action-content\"><\/div><\/div><\/section>[\/vc_column][\/vc_row][vc_row content_placement=&#8221;middle&#8221;][vc_column]<section id=\"contact\" class=\"contact\"><div class=\"row\"><div class=\"col-lg-12 text-center title-padding\"><h2 class=\"section-heading\">Contact Us<\/h2><hr class=\"short\">\n\t\t\t\t\t\t<hr class=\"long\">\n\t\t\t\t\t\t<hr class=\"short\"><\/div><div class=\"col-md-6\"><div class=\"adrress\"><p class=\"contact-desc\"><\/p><div class=\"contact-items\"><p class=\"contact-item\"><i class=\"fa fa-envelope-open\" aria-hidden=\"true\"><\/i> info@reliuspharma.com<\/p><p class=\"contact-item\"><i class=\"fa fa-phone-square\" aria-hidden=\"true\"><\/i> +591 75444976\n<\/p><p class=\"contact-item\"><i class=\"fa fa-phone-square\" aria-hidden=\"true\"><\/i> +1 (609) 632-0320<\/p><p class=\"contact-item\"><i class=\"fa fa-map-marker\" aria-hidden=\"true\"><\/i> 4to Anillo, Ed.Torre Duo, Piso 16, Of B, \n Barrio Equipetrol, Santa Cruz-Bolivia<\/p><div class=\"contact-socials\"><\/div><\/div><\/div><\/div><div class=\"col-md-6\"><div class=\"form-group\"><div class=\"forminator-ui forminator-custom-form forminator-custom-form-419 forminator-design--material  forminator_ajax\" data-forminator-render=\"0\" data-form=\"forminator-module-419\" data-uid=\"69f0a0fdbcb77\"><br\/><\/div><form\n\t\t\t\tid=\"forminator-module-419\"\n\t\t\t\tclass=\"forminator-ui forminator-custom-form forminator-custom-form-419 forminator-design--material  forminator_ajax\"\n\t\t\t\tmethod=\"post\"\n\t\t\t\tdata-forminator-render=\"0\"\n\t\t\t\tdata-form-id=\"419\"\n\t\t\t\t data-color-option=\"default\" data-design=\"material\" data-grid=\"open\" style=\"display: none;\"\n\t\t\t\tdata-uid=\"69f0a0fdbcb77\"\n\t\t\t><div role=\"alert\" aria-live=\"polite\" class=\"forminator-response-message forminator-error\" aria-hidden=\"true\"><\/div><div class=\"forminator-row\"><div id=\"name-1\" class=\"forminator-field-name forminator-col forminator-col-6 \"><div class=\"forminator-field\"><label for=\"forminator-field-name-1_69f0a0fdbcb77\" id=\"forminator-field-name-1_69f0a0fdbcb77-label\" class=\"forminator-label\">Nombre de pila <span class=\"forminator-required\">*<\/span><\/label><input type=\"text\" name=\"name-1\" value=\"\" placeholder=\"E.g. John\" id=\"forminator-field-name-1_69f0a0fdbcb77\" class=\"forminator-input forminator-name--field\" aria-required=\"true\" autocomplete=\"name\" \/><\/div><\/div><div id=\"name-3\" class=\"forminator-field-name forminator-col forminator-col-6 \"><div class=\"forminator-field\"><label for=\"forminator-field-name-3_69f0a0fdbcb77\" id=\"forminator-field-name-3_69f0a0fdbcb77-label\" class=\"forminator-label\">Apellido <span class=\"forminator-required\">*<\/span><\/label><input type=\"text\" name=\"name-3\" value=\"\" placeholder=\"E.g. Doe\" id=\"forminator-field-name-3_69f0a0fdbcb77\" class=\"forminator-input forminator-name--field\" aria-required=\"true\" autocomplete=\"name\" \/><\/div><\/div><\/div><div class=\"forminator-row\"><div id=\"email-1\" class=\"forminator-field-email forminator-col forminator-col-12 \"><div class=\"forminator-field\"><label for=\"forminator-field-email-1_69f0a0fdbcb77\" id=\"forminator-field-email-1_69f0a0fdbcb77-label\" class=\"forminator-label\">Correo electr\u00f3nico <span class=\"forminator-required\">*<\/span><\/label><input type=\"email\" name=\"email-1\" value=\"\" placeholder=\"E.g. john@doe.com\" id=\"forminator-field-email-1_69f0a0fdbcb77\" class=\"forminator-input forminator-email--field\" data-required=\"1\" aria-required=\"true\" autocomplete=\"email\" \/><\/div><\/div><\/div><div class=\"forminator-row\"><div id=\"textarea-1\" class=\"forminator-field-textarea forminator-col forminator-col-12 \"><div class=\"forminator-field\"><label for=\"forminator-field-textarea-1_69f0a0fdbcb77\" id=\"forminator-field-textarea-1_69f0a0fdbcb77-label\" class=\"forminator-label\">Descripci\u00f3n <span class=\"forminator-required\">*<\/span><\/label><textarea name=\"textarea-1\" placeholder=\"Enter your message...\" id=\"forminator-field-textarea-1_69f0a0fdbcb77\" class=\"forminator-textarea\" rows=\"6\" style=\"--forminator-textarea-min-height:140px;\" maxlength=\"180\" ><\/textarea><span id=\"forminator-field-textarea-1_69f0a0fdbcb77-description\" class=\"forminator-description\"><span data-limit=\"180\" data-type=\"characters\" data-editor=\"\">0 \/ 180<\/span><\/span><\/div><\/div><\/div><input type=\"hidden\" name=\"referer_url\" value=\"\" \/><div class=\"forminator-row forminator-row-last\"><div class=\"forminator-col\"><div class=\"forminator-field\"><button class=\"forminator-button forminator-button-submit\"><span>Entregar<\/span><span aria-hidden=\"true\"><\/span><\/button><\/div><\/div><\/div><input type=\"hidden\" id=\"forminator_nonce\" name=\"forminator_nonce\" value=\"b6e0c70fa7\" \/><input type=\"hidden\" name=\"_wp_http_referer\" value=\"\/index.php?rest_route=%2Fwp%2Fv2%2Fpages%2F7\" \/><input type=\"hidden\" name=\"form_id\" value=\"419\"><input type=\"hidden\" name=\"page_id\" value=\"7\"><input type=\"hidden\" name=\"form_type\" value=\"default\"><input type=\"hidden\" name=\"current_url\" value=\"https:\/\/reliuspharma.com\/\"><input type=\"hidden\" name=\"render_id\" value=\"0\"><input type=\"hidden\" name=\"action\" value=\"forminator_submit_form_custom-forms\"><\/form><\/div><\/div><\/div><\/section>[\/vc_column][\/vc_row][vc_row][vc_column][vc_single_image image=&#8221;488&#8243; img_size=&#8221;204&#215;75&#8243; alignment=&#8221;center&#8221; css_animation=&#8221;slideInUp&#8221;][\/vc_column][\/vc_row][vc_row][vc_column][\/vc_column][\/vc_row]<\/p>\n<\/section>","protected":false},"excerpt":{"rendered":"<p>[vc_row el_id=&#8221;home&#8221;][vc_column][vc_column_text el_class=&#8221;productos&#8221;][\/vc_column_text][\/vc_column][\/vc_row][vc_row][vc_column][\/vc_column][\/vc_row][vc_row][vc_column][\/vc_column][\/vc_row][vc_row content_placement=&#8221;middle&#8221;][vc_column][\/vc_column][\/vc_row][vc_row][vc_column][vc_single_image image=&#8221;488&#8243; img_size=&#8221;204&#215;75&#8243; alignment=&#8221;center&#8221; css_animation=&#8221;slideInUp&#8221;][\/vc_column][\/vc_row][vc_row][vc_column][\/vc_column][\/vc_row]<\/p>\n","protected":false},"author":1,"featured_media":0,"parent":0,"menu_order":0,"comment_status":"closed","ping_status":"closed","template":"one-page-template.php","meta":{"footnotes":""},"class_list":["post-7","page","type-page","status-publish","hentry"],"_links":{"self":[{"href":"https:\/\/reliuspharma.com\/index.php?rest_route=\/wp\/v2\/pages\/7","targetHints":{"allow":["GET"]}}],"collection":[{"href":"https:\/\/reliuspharma.com\/index.php?rest_route=\/wp\/v2\/pages"}],"about":[{"href":"https:\/\/reliuspharma.com\/index.php?rest_route=\/wp\/v2\/types\/page"}],"author":[{"embeddable":true,"href":"https:\/\/reliuspharma.com\/index.php?rest_route=\/wp\/v2\/users\/1"}],"replies":[{"embeddable":true,"href":"https:\/\/reliuspharma.com\/index.php?rest_route=%2Fwp%2Fv2%2Fcomments&post=7"}],"version-history":[{"count":137,"href":"https:\/\/reliuspharma.com\/index.php?rest_route=\/wp\/v2\/pages\/7\/revisions"}],"predecessor-version":[{"id":951,"href":"https:\/\/reliuspharma.com\/index.php?rest_route=\/wp\/v2\/pages\/7\/revisions\/951"}],"wp:attachment":[{"href":"https:\/\/reliuspharma.com\/index.php?rest_route=%2Fwp%2Fv2%2Fmedia&parent=7"}],"curies":[{"name":"wp","href":"https:\/\/api.w.org\/{rel}","templated":true}]}}